{"id":8596,"date":"2024-06-12T13:42:24","date_gmt":"2024-06-12T10:42:24","guid":{"rendered":"https:\/\/tyrovolas.gr\/product\/ventilador-de-techo-con-luz-led-12w-4000k-2-ala-marron-y-mando-%cf%86132-70w\/"},"modified":"2024-06-12T13:42:24","modified_gmt":"2024-06-12T10:42:24","slug":"ventilador-de-techo-con-luz-led-12w-4000k-2-ala-marron-y-mando-%cf%86132-70w","status":"publish","type":"product","link":"https:\/\/tyrovolas.gr\/es\/producto\/ventilador-de-techo-con-luz-led-12w-4000k-2-ala-marron-y-mando-%cf%86132-70w\/","title":{"rendered":"VENTILADOR DE TECHO CON LUZ LED 12W 4000K 2 ALA MARR\u00d3N Y MANDO \u03a6132 70W"},"content":{"rendered":"<div class=\"product-tab w100\">\n<div class=\"tab-content\">\n<div id=\"Documents\" class=\"tab-pane active\"><strong>Ventilador de techo Serie Golden, con iluminaci\u00f3n LED incorporada, en color negro-madera natural<\/strong>. Ideal para espacios de 15m\u00b2. Posibilidad de uso remoto con mando a distancia, rotaci\u00f3n inversa y funci\u00f3n de temporizador hasta 8 horas. Dispone de 2 h\u00e9lices con un di\u00e1metro de \u03a6132, 3 pasos con una velocidad m\u00e1xima de 180rpm y una potencia de 70W. Peso neto 4,8 kg, sonido de funcionamiento de hasta 55 dB. Garant\u00eda 3 a\u00f1os por Eurolamp.<\/div>\n<\/div>\n<\/div>\n<div class=\"Social\"><\/div>\n","protected":false},"excerpt":{"rendered":"<p>Ventilador de techo Serie Golden, con iluminaci\u00f3n LED incorporada, en color negro-madera natural. Ideal para espacios de 15m\u00b2. Posibilidad de uso remoto con mando a distancia, rotaci\u00f3n inversa y funci\u00f3n de temporizador hasta 8 horas. Dispone de 2 h\u00e9lices con un di\u00e1metro de \u03a6132, 3 pasos con una velocidad m\u00e1xima de 180rpm y una potencia [&hellip;]<\/p>\n","protected":false},"featured_media":8597,"comment_status":"open","ping_status":"closed","template":"","meta":[],"product_cat":[89],"product_tag":[],"_links":{"self":[{"href":"https:\/\/tyrovolas.gr\/es\/wp-json\/wp\/v2\/product\/8596"}],"collection":[{"href":"https:\/\/tyrovolas.gr\/es\/wp-json\/wp\/v2\/product"}],"about":[{"href":"https:\/\/tyrovolas.gr\/es\/wp-json\/wp\/v2\/types\/product"}],"replies":[{"embeddable":true,"href":"https:\/\/tyrovolas.gr\/es\/wp-json\/wp\/v2\/comments?post=8596"}],"wp:featuredmedia":[{"embeddable":true,"href":"https:\/\/tyrovolas.gr\/es\/wp-json\/wp\/v2\/media\/8597"}],"wp:attachment":[{"href":"https:\/\/tyrovolas.gr\/es\/wp-json\/wp\/v2\/media?parent=8596"}],"wp:term":[{"taxonomy":"product_cat","embeddable":true,"href":"https:\/\/tyrovolas.gr\/es\/wp-json\/wp\/v2\/product_cat?post=8596"},{"taxonomy":"product_tag","embeddable":true,"href":"https:\/\/tyrovolas.gr\/es\/wp-json\/wp\/v2\/product_tag?post=8596"}],"curies":[{"name":"wp","href":"https:\/\/api.w.org\/{rel}","templated":true}]}}