{"id":8515,"date":"2024-06-12T13:48:28","date_gmt":"2024-06-12T10:48:28","guid":{"rendered":"https:\/\/tyrovolas.gr\/product\/ventilador-tipo-industrial-blanco-%cf%86140-80w-paquete-3pzs\/"},"modified":"2024-06-12T13:48:28","modified_gmt":"2024-06-12T10:48:28","slug":"ventilador-tipo-industrial-blanco-%cf%86140-80w-paquete-3pzs","status":"publish","type":"product","link":"https:\/\/tyrovolas.gr\/es\/producto\/ventilador-tipo-industrial-blanco-%cf%86140-80w-paquete-3pzs\/","title":{"rendered":"VENTILADOR TIPO INDUSTRIAL BLANCO \u03a6140 80W PAQUETE 3PZS"},"content":{"rendered":"<p><strong>Ventilador de techo met\u00e1lico, tipo industrial, color blanco. Ideal para cubrir espacios de hasta 40m\u00b2<\/strong>. Dispone de interruptor de pared, 3 ventiladores con un di\u00e1metro de \u03a6140, 5 pasos con una velocidad m\u00e1xima de 312rpm y una potencia de 80W. Peso neto 4 kg, sonido de funcionamiento hasta 60 dB. Garant\u00eda 2 a\u00f1os por Eurolamp.<br \/>\n<strong>*Paquete de 3!<\/strong><\/p>\n","protected":false},"excerpt":{"rendered":"<p>Ventilador de techo met\u00e1lico, tipo industrial, color blanco. Ideal para cubrir espacios de hasta 40m\u00b2. Dispone de interruptor de pared, 3 ventiladores con un di\u00e1metro de \u03a6140, 5 pasos con una velocidad m\u00e1xima de 312rpm y una potencia de 80W. Peso neto 4 kg, sonido de funcionamiento hasta 60 dB. Garant\u00eda 2 a\u00f1os por Eurolamp. [&hellip;]<\/p>\n","protected":false},"featured_media":8516,"comment_status":"open","ping_status":"closed","template":"","meta":[],"product_cat":[89],"product_tag":[],"_links":{"self":[{"href":"https:\/\/tyrovolas.gr\/es\/wp-json\/wp\/v2\/product\/8515"}],"collection":[{"href":"https:\/\/tyrovolas.gr\/es\/wp-json\/wp\/v2\/product"}],"about":[{"href":"https:\/\/tyrovolas.gr\/es\/wp-json\/wp\/v2\/types\/product"}],"replies":[{"embeddable":true,"href":"https:\/\/tyrovolas.gr\/es\/wp-json\/wp\/v2\/comments?post=8515"}],"wp:featuredmedia":[{"embeddable":true,"href":"https:\/\/tyrovolas.gr\/es\/wp-json\/wp\/v2\/media\/8516"}],"wp:attachment":[{"href":"https:\/\/tyrovolas.gr\/es\/wp-json\/wp\/v2\/media?parent=8515"}],"wp:term":[{"taxonomy":"product_cat","embeddable":true,"href":"https:\/\/tyrovolas.gr\/es\/wp-json\/wp\/v2\/product_cat?post=8515"},{"taxonomy":"product_tag","embeddable":true,"href":"https:\/\/tyrovolas.gr\/es\/wp-json\/wp\/v2\/product_tag?post=8515"}],"curies":[{"name":"wp","href":"https:\/\/api.w.org\/{rel}","templated":true}]}}