{"id":8509,"date":"2024-06-12T14:16:43","date_gmt":"2024-06-12T11:16:43","guid":{"rendered":"https:\/\/tyrovolas.gr\/product\/lampara-de-techo-nola\/"},"modified":"2024-06-12T14:16:43","modified_gmt":"2024-06-12T11:16:43","slug":"lampara-de-techo-nola","status":"publish","type":"product","link":"https:\/\/tyrovolas.gr\/es\/producto\/lampara-de-techo-nola\/","title":{"rendered":"L\u00e1mpara de Techo Nola"},"content":{"rendered":"<p>La l\u00e1mpara de techo Nola es ideal para aquellos que se atreven a adelantarse a su tiempo. Totalmente de moda y no pasar\u00e1 desapercibida en ning\u00fan caso.<\/p>\n","protected":false},"excerpt":{"rendered":"<p>La l\u00e1mpara de techo Nola es ideal para aquellos que se atreven a adelantarse a su tiempo. Totalmente de moda y no pasar\u00e1 desapercibida en ning\u00fan caso.<\/p>\n","protected":false},"featured_media":8510,"comment_status":"open","ping_status":"closed","template":"","meta":[],"product_cat":[88],"product_tag":[],"_links":{"self":[{"href":"https:\/\/tyrovolas.gr\/es\/wp-json\/wp\/v2\/product\/8509"}],"collection":[{"href":"https:\/\/tyrovolas.gr\/es\/wp-json\/wp\/v2\/product"}],"about":[{"href":"https:\/\/tyrovolas.gr\/es\/wp-json\/wp\/v2\/types\/product"}],"replies":[{"embeddable":true,"href":"https:\/\/tyrovolas.gr\/es\/wp-json\/wp\/v2\/comments?post=8509"}],"wp:featuredmedia":[{"embeddable":true,"href":"https:\/\/tyrovolas.gr\/es\/wp-json\/wp\/v2\/media\/8510"}],"wp:attachment":[{"href":"https:\/\/tyrovolas.gr\/es\/wp-json\/wp\/v2\/media?parent=8509"}],"wp:term":[{"taxonomy":"product_cat","embeddable":true,"href":"https:\/\/tyrovolas.gr\/es\/wp-json\/wp\/v2\/product_cat?post=8509"},{"taxonomy":"product_tag","embeddable":true,"href":"https:\/\/tyrovolas.gr\/es\/wp-json\/wp\/v2\/product_tag?post=8509"}],"curies":[{"name":"wp","href":"https:\/\/api.w.org\/{rel}","templated":true}]}}