{"id":8505,"date":"2024-06-12T14:23:52","date_gmt":"2024-06-12T11:23:52","guid":{"rendered":"https:\/\/tyrovolas.gr\/product\/monofoto-d250-polly\/"},"modified":"2024-06-12T14:23:52","modified_gmt":"2024-06-12T11:23:52","slug":"monofoto-d250-polly","status":"publish","type":"product","link":"https:\/\/tyrovolas.gr\/es\/producto\/monofoto-d250-polly\/","title":{"rendered":"Monofoto D:250 Polly"},"content":{"rendered":"<p>Una l\u00e1mpara colgante que destaca por su dise\u00f1o art dec\u00f3 y elegancia cl\u00e1sica. El bloque de color de su paleta con blanco y esmeralda combinado con el suave brillo que difunde, crean un espacio c\u00e1lido y acogedor. Una l\u00e1mpara que redefine el concepto de lujo.<\/p>\n","protected":false},"excerpt":{"rendered":"<p>Una l\u00e1mpara colgante que destaca por su dise\u00f1o art dec\u00f3 y elegancia cl\u00e1sica. El bloque de color de su paleta con blanco y esmeralda combinado con el suave brillo que difunde, crean un espacio c\u00e1lido y acogedor. Una l\u00e1mpara que redefine el concepto de lujo.<\/p>\n","protected":false},"featured_media":8506,"comment_status":"open","ping_status":"closed","template":"","meta":[],"product_cat":[88],"product_tag":[],"_links":{"self":[{"href":"https:\/\/tyrovolas.gr\/es\/wp-json\/wp\/v2\/product\/8505"}],"collection":[{"href":"https:\/\/tyrovolas.gr\/es\/wp-json\/wp\/v2\/product"}],"about":[{"href":"https:\/\/tyrovolas.gr\/es\/wp-json\/wp\/v2\/types\/product"}],"replies":[{"embeddable":true,"href":"https:\/\/tyrovolas.gr\/es\/wp-json\/wp\/v2\/comments?post=8505"}],"wp:featuredmedia":[{"embeddable":true,"href":"https:\/\/tyrovolas.gr\/es\/wp-json\/wp\/v2\/media\/8506"}],"wp:attachment":[{"href":"https:\/\/tyrovolas.gr\/es\/wp-json\/wp\/v2\/media?parent=8505"}],"wp:term":[{"taxonomy":"product_cat","embeddable":true,"href":"https:\/\/tyrovolas.gr\/es\/wp-json\/wp\/v2\/product_cat?post=8505"},{"taxonomy":"product_tag","embeddable":true,"href":"https:\/\/tyrovolas.gr\/es\/wp-json\/wp\/v2\/product_tag?post=8505"}],"curies":[{"name":"wp","href":"https:\/\/api.w.org\/{rel}","templated":true}]}}