{"id":8503,"date":"2024-06-12T14:26:21","date_gmt":"2024-06-12T11:26:21","guid":{"rendered":"https:\/\/tyrovolas.gr\/product\/disparo-unico-d275-boho\/"},"modified":"2024-06-12T14:26:21","modified_gmt":"2024-06-12T11:26:21","slug":"disparo-unico-d275-boho","status":"publish","type":"product","link":"https:\/\/tyrovolas.gr\/es\/producto\/disparo-unico-d275-boho\/","title":{"rendered":"Disparo \u00fanico D:275 Boho"},"content":{"rendered":"<p>La l\u00e1mpara individual Boho, con dise\u00f1o vintage, cristal opal, suspensi\u00f3n blanca, brillante y negra, aporta a tu espacio un estilo y estilo inigualables.<\/p>\n","protected":false},"excerpt":{"rendered":"<p>La l\u00e1mpara individual Boho, con dise\u00f1o vintage, cristal opal, suspensi\u00f3n blanca, brillante y negra, aporta a tu espacio un estilo y estilo inigualables.<\/p>\n","protected":false},"featured_media":8504,"comment_status":"open","ping_status":"closed","template":"","meta":[],"product_cat":[88],"product_tag":[],"_links":{"self":[{"href":"https:\/\/tyrovolas.gr\/es\/wp-json\/wp\/v2\/product\/8503"}],"collection":[{"href":"https:\/\/tyrovolas.gr\/es\/wp-json\/wp\/v2\/product"}],"about":[{"href":"https:\/\/tyrovolas.gr\/es\/wp-json\/wp\/v2\/types\/product"}],"replies":[{"embeddable":true,"href":"https:\/\/tyrovolas.gr\/es\/wp-json\/wp\/v2\/comments?post=8503"}],"wp:featuredmedia":[{"embeddable":true,"href":"https:\/\/tyrovolas.gr\/es\/wp-json\/wp\/v2\/media\/8504"}],"wp:attachment":[{"href":"https:\/\/tyrovolas.gr\/es\/wp-json\/wp\/v2\/media?parent=8503"}],"wp:term":[{"taxonomy":"product_cat","embeddable":true,"href":"https:\/\/tyrovolas.gr\/es\/wp-json\/wp\/v2\/product_cat?post=8503"},{"taxonomy":"product_tag","embeddable":true,"href":"https:\/\/tyrovolas.gr\/es\/wp-json\/wp\/v2\/product_tag?post=8503"}],"curies":[{"name":"wp","href":"https:\/\/api.w.org\/{rel}","templated":true}]}}