{"id":8499,"date":"2024-06-12T14:31:47","date_gmt":"2024-06-12T11:31:47","guid":{"rendered":"https:\/\/tyrovolas.gr\/product\/ada-multifoto\/"},"modified":"2024-06-12T14:31:47","modified_gmt":"2024-06-12T11:31:47","slug":"ada-multifoto","status":"publish","type":"product","link":"https:\/\/tyrovolas.gr\/es\/producto\/ada-multifoto\/","title":{"rendered":"Ada multifoto"},"content":{"rendered":"<p>La l\u00e1mpara Ada, con la clasificaci\u00f3n irregular de las l\u00e1mparas y el estilo descuidado de los ejes, aporta una est\u00e9tica moderna y un estilo especial a tu espacio.<\/p>\n","protected":false},"excerpt":{"rendered":"<p>La l\u00e1mpara Ada, con la clasificaci\u00f3n irregular de las l\u00e1mparas y el estilo descuidado de los ejes, aporta una est\u00e9tica moderna y un estilo especial a tu espacio.<\/p>\n","protected":false},"featured_media":8500,"comment_status":"open","ping_status":"closed","template":"","meta":[],"product_cat":[88],"product_tag":[],"_links":{"self":[{"href":"https:\/\/tyrovolas.gr\/es\/wp-json\/wp\/v2\/product\/8499"}],"collection":[{"href":"https:\/\/tyrovolas.gr\/es\/wp-json\/wp\/v2\/product"}],"about":[{"href":"https:\/\/tyrovolas.gr\/es\/wp-json\/wp\/v2\/types\/product"}],"replies":[{"embeddable":true,"href":"https:\/\/tyrovolas.gr\/es\/wp-json\/wp\/v2\/comments?post=8499"}],"wp:featuredmedia":[{"embeddable":true,"href":"https:\/\/tyrovolas.gr\/es\/wp-json\/wp\/v2\/media\/8500"}],"wp:attachment":[{"href":"https:\/\/tyrovolas.gr\/es\/wp-json\/wp\/v2\/media?parent=8499"}],"wp:term":[{"taxonomy":"product_cat","embeddable":true,"href":"https:\/\/tyrovolas.gr\/es\/wp-json\/wp\/v2\/product_cat?post=8499"},{"taxonomy":"product_tag","embeddable":true,"href":"https:\/\/tyrovolas.gr\/es\/wp-json\/wp\/v2\/product_tag?post=8499"}],"curies":[{"name":"wp","href":"https:\/\/api.w.org\/{rel}","templated":true}]}}