{"id":8477,"date":"2024-06-05T17:44:42","date_gmt":"2024-06-05T14:44:42","guid":{"rendered":"https:\/\/tyrovolas.gr\/metodos-de-envio\/"},"modified":"2024-06-05T17:44:42","modified_gmt":"2024-06-05T14:44:42","slug":"metodos-de-envio","status":"publish","type":"page","link":"https:\/\/tyrovolas.gr\/es\/metodos-de-envio\/","title":{"rendered":"M\u00e9todos de env\u00edo"},"content":{"rendered":"<h4>Env\u00edo de pedidos<\/h4>\n<p>\u0391\u03c0\u03bf\u03c3\u03c4\u03ad\u03bb\u03bb\u03bf\u03c5\u03bc\u03b5 \u03c0\u03b1\u03c1\u03b1\u03b3\u03b3\u03b5\u03bb\u03af\u03b5\u03c2 \u03c0\u03b1\u03bd\u03b5\u03bb\u03bb\u03b1\u03b4\u03b9\u03ba\u03ac \u03bc\u03ad\u03c3\u03c9 \u03b5\u03c4\u03b1\u03b9\u03c1\u03b5\u03b9\u03ce\u03bd \u03c4\u03b1\u03c7\u03c5\u03bc\u03b5\u03c4\u03b1\u03c6\u03bf\u03c1\u03ce\u03bd \u03cc\u03c0\u03c9\u03c2 \u03b7 <strong>\u0395\u039b\u03a4\u0391 Courier<\/strong>. \u0397 \u03b1\u03c0\u03bf\u03c3\u03c4\u03bf\u03bb\u03ae \u03ba\u03b1\u03b9 \u03b7 \u03c0\u03b1\u03c1\u03ac\u03b4\u03bf\u03c3\u03b7 \u03c4\u03c9\u03bd \u03c0\u03c1\u03bf\u03ca\u03cc\u03bd\u03c4\u03c9\u03bd \u03b3\u03af\u03bd\u03b5\u03c4\u03b1\u03b9 \u03c3\u03c4\u03b7 \u03b4\u03b9\u03b5\u03cd\u03b8\u03c5\u03bd\u03c3\u03b7 \u03ba\u03b1\u03b9 \u03c3\u03c4\u03bf \u03cc\u03bd\u03bf\u03bc\u03b1 \u03c0\u03bf\u03c5 \u03ad\u03c7\u03b5\u03b9 \u03b4\u03b7\u03bb\u03c9\u03b8\u03b5\u03af \u03ba\u03b1\u03c4\u03ac \u03c4\u03b7\u03bd \u03c0\u03b1\u03c1\u03b1\u03b3\u03b3\u03b5\u03bb\u03af\u03b1.<\/p>\n<h4>Tiempo de env\u00edo del pedido<\/h4>\n<p>Los art\u00edculos en stock se env\u00edan dentro de 1 a 3 d\u00edas h\u00e1biles despu\u00e9s de la confirmaci\u00f3n del pedido. En caso contrario, nos comprometemos a entregar nuestros productos como m\u00e1ximo en un plazo de 14 d\u00edas laborables desde la confirmaci\u00f3n del pedido. El plazo de entrega de un pedido var\u00eda en funci\u00f3n del m\u00e9todo de env\u00edo\/recogida que hayas elegido, as\u00ed como del destino. En caso de un posible retraso en su pedido debido a la disponibilidad limitada del producto o cualquier otro motivo, nuestra Compa\u00f1\u00eda le informar\u00e1 oportunamente.<\/p>\n","protected":false},"excerpt":{"rendered":"<p>Env\u00edo de pedidos \u0391\u03c0\u03bf\u03c3\u03c4\u03ad\u03bb\u03bb\u03bf\u03c5\u03bc\u03b5 \u03c0\u03b1\u03c1\u03b1\u03b3\u03b3\u03b5\u03bb\u03af\u03b5\u03c2 \u03c0\u03b1\u03bd\u03b5\u03bb\u03bb\u03b1\u03b4\u03b9\u03ba\u03ac \u03bc\u03ad\u03c3\u03c9 \u03b5\u03c4\u03b1\u03b9\u03c1\u03b5\u03b9\u03ce\u03bd \u03c4\u03b1\u03c7\u03c5\u03bc\u03b5\u03c4\u03b1\u03c6\u03bf\u03c1\u03ce\u03bd \u03cc\u03c0\u03c9\u03c2 \u03b7 \u0395\u039b\u03a4\u0391 Courier. \u0397 \u03b1\u03c0\u03bf\u03c3\u03c4\u03bf\u03bb\u03ae \u03ba\u03b1\u03b9 \u03b7 \u03c0\u03b1\u03c1\u03ac\u03b4\u03bf\u03c3\u03b7 \u03c4\u03c9\u03bd \u03c0\u03c1\u03bf\u03ca\u03cc\u03bd\u03c4\u03c9\u03bd \u03b3\u03af\u03bd\u03b5\u03c4\u03b1\u03b9 \u03c3\u03c4\u03b7 \u03b4\u03b9\u03b5\u03cd\u03b8\u03c5\u03bd\u03c3\u03b7 \u03ba\u03b1\u03b9 \u03c3\u03c4\u03bf \u03cc\u03bd\u03bf\u03bc\u03b1 \u03c0\u03bf\u03c5 \u03ad\u03c7\u03b5\u03b9 \u03b4\u03b7\u03bb\u03c9\u03b8\u03b5\u03af \u03ba\u03b1\u03c4\u03ac \u03c4\u03b7\u03bd \u03c0\u03b1\u03c1\u03b1\u03b3\u03b3\u03b5\u03bb\u03af\u03b1. Tiempo de env\u00edo del pedido Los art\u00edculos en stock se env\u00edan dentro de 1 a 3 d\u00edas h\u00e1biles despu\u00e9s de la confirmaci\u00f3n del [&hellip;]<\/p>\n","protected":false},"author":1,"featured_media":0,"parent":0,"menu_order":0,"comment_status":"closed","ping_status":"closed","template":"","meta":{"footnotes":""},"_links":{"self":[{"href":"https:\/\/tyrovolas.gr\/es\/wp-json\/wp\/v2\/pages\/8477"}],"collection":[{"href":"https:\/\/tyrovolas.gr\/es\/wp-json\/wp\/v2\/pages"}],"about":[{"href":"https:\/\/tyrovolas.gr\/es\/wp-json\/wp\/v2\/types\/page"}],"author":[{"embeddable":true,"href":"https:\/\/tyrovolas.gr\/es\/wp-json\/wp\/v2\/users\/1"}],"replies":[{"embeddable":true,"href":"https:\/\/tyrovolas.gr\/es\/wp-json\/wp\/v2\/comments?post=8477"}],"version-history":[{"count":0,"href":"https:\/\/tyrovolas.gr\/es\/wp-json\/wp\/v2\/pages\/8477\/revisions"}],"wp:attachment":[{"href":"https:\/\/tyrovolas.gr\/es\/wp-json\/wp\/v2\/media?parent=8477"}],"curies":[{"name":"wp","href":"https:\/\/api.w.org\/{rel}","templated":true}]}}