{"id":8466,"date":"2024-06-05T17:40:38","date_gmt":"2024-06-05T14:40:38","guid":{"rendered":"https:\/\/tyrovolas.gr\/condiciones-de-uso\/"},"modified":"2024-11-27T14:00:23","modified_gmt":"2024-11-27T12:00:23","slug":"condiciones-de-uso","status":"publish","type":"page","link":"https:\/\/tyrovolas.gr\/es\/condiciones-de-uso\/","title":{"rendered":"Condiciones de uso"},"content":{"rendered":"&#13;\n<p>Bienvenido a www.tyrovolas.gr. Al utilizar nuestro sitio web, usted acepta los siguientes t\u00e9rminos, que debe leer atentamente. <\/p>&#13;\n<p>Cualquier software disponible para descargar desde este servidor es propiedad intelectual de tyrovolas.gr. El uso de dichos documentos de este servidor se limita \u00fanicamente a fines informativos y no comerciales o es \u00fanicamente personal y no se copiar\u00e1, colocar\u00e1 en otra red inform\u00e1tica ni se distribuir\u00e1 por otros medios de comunicaci\u00f3n. No hay absolutamente ninguna interferencia con los documentos. Cualquier otro uso est\u00e1 estrictamente prohibido por la ley y puede dar lugar a graves sanciones civiles y penales. Los infractores ser\u00e1n procesados.    <\/p>&#13;\n<p>Tyrovolas no garantiza que la informaci\u00f3n contenida en los documentos y avisos publicados en este servidor sea apropiada para ning\u00fan prop\u00f3sito. Cualquier documento de este tipo y gr\u00e1ficos relacionados se proporcionan \u00abtal cual\u00bb sin garant\u00eda de ning\u00fan tipo. <\/p>&#13;\n<p>Tyrovolas no es responsable de ninguna compensaci\u00f3n por cualquier da\u00f1o y da\u00f1o moral resultante de la falta de prestaci\u00f3n de servicios de soporte.<\/p>&#13;\n<p>Usted es libre de utilizar www.tyrovolas.gr de acuerdo con la Ley y las buenas costumbres. Usted es el \u00fanico responsable del contenido de las transacciones. Tyrovolas no ejerce ning\u00fan tipo de correcci\u00f3n o intervenci\u00f3n en los datos que nos transfieres. Le solicitamos que rellene correctamente los siguientes campos (nombre, direcci\u00f3n, mensaje) en los formularios de contacto online. El uso del sitio web tyrovolas.gr est\u00e1 sujeto a las leyes griegas e internacionales y usted acepta no utilizar nuestro sitio web para violar estas leyes.    <\/p>&#13;\n<p>Responsabilidad del usuario<\/p>&#13;\n<p>Los usuarios aceptan y se comprometen a no utilizar la tienda online para:<\/p>&#13;\n<p>a) Enviar, publicar, enviar por correo electr\u00f3nico o transmitir de otra manera cualquier contenido que sea ilegal por cualquier motivo, cause insultos y da\u00f1os ilegales a tyrovolas.gr o cualquier tercero, u ofenda la confidencialidad o privacidad de la informaci\u00f3n de cualquier persona.<\/p>&#13;\n<p>b) Enviar, publicar, enviar por correo electr\u00f3nico o transmitir de cualquier otra forma cualquier contenido que ofenda la moral de los usuarios, los valores sociales, los menores, etc.<\/p>&#13;\n<p>c) Publicar, enviar por correo electr\u00f3nico o transmitir de otro modo cualquier contenido que los usuarios no tengan derecho a transmitir seg\u00fan la ley o los contratos aplicables (como informaci\u00f3n privilegiada, informaci\u00f3n de propiedad y confidencial obtenida o divulgada como parte de relaciones laborales o cubiertas por acuerdos de confidencialidad).<\/p>&#13;\n<p>d) Publicar, publicar, enviar por correo electr\u00f3nico o transmitir de otro modo cualquier contenido que infrinja cualquier patente, marca registrada, secreto comercial, derechos de autor u otros derechos de propiedad de cualquier tercero.<\/p>&#13;\n<p>e) Enviar, publicar, enviar por correo electr\u00f3nico o de otra manera transmitir cualquier material que contenga virus de software o cualquier otro c\u00f3digo, archivo o programa dise\u00f1ado con el prop\u00f3sito de interrumpir y causar da\u00f1o, destrucci\u00f3n o equipo de operaci\u00f3n de cualquier software o hardware de computadora.<\/p>&#13;\n<p>f) Violaci\u00f3n intencional o no de las leyes o reglamentos aplicables.<\/p>&#13;\n<p>g) Acoso a terceros en cualquier forma.<\/p>&#13;\n<p>h) Recopilaci\u00f3n o almacenamiento de datos personales sobre otros usuarios.<\/p>&#13;\n<p>Tambi\u00e9n aceptan que todos los miembros, socios, empleados y otros socios de tyrovolas.gr no son responsables de nada que surja de terceros miembros que utilicen el sitio web de Tyrovolas. Cualquier uso contrario a lo anterior, salvo sanciones o sanciones civiles, dar\u00e1 lugar a la terminaci\u00f3n de los servicios prestados sin previo aviso. <\/p>&#13;\n<p>Derechos de autor<\/p>&#13;\n<p>El sitio web incluye material, marcas comerciales, marcas de servicio, imagen comercial y otro contenido que pertenece a tyrovolas.gr y est\u00e1 protegido por la Ley.<\/p>&#13;\n<p>Todos los contenidos del sitio web (incluidos textos, gr\u00e1ficos, im\u00e1genes, fotograf\u00edas y software) son propiedad intelectual de tyrovolas.gr y est\u00e1n protegidos por la legislaci\u00f3n griega e internacional. Cualquier copia, reproducci\u00f3n y retransmisi\u00f3n del material est\u00e1 prohibida sin el permiso por escrito de la empresa. Su aparici\u00f3n en el sitio web no debe entenderse en ning\u00fan caso como una transmisi\u00f3n o cesi\u00f3n de licencia o derecho de uso de los mismos.  <\/p>&#13;\n<p>L\u00edmites de responsabilidad<\/p>&#13;\n<p>Al utilizar el sitio web, usted acepta plenamente que el uso es bajo su propio riesgo.<\/p>&#13;\n<p>tyrovolas.gr hace todo lo posible para brindar un servicio de alta calidad, pero no podemos garantizar que no habr\u00e1 interrupciones o errores. Cualquier referencia o enlace a otro sitio web se proporciona para su comodidad y no somos responsables de los contenidos, productos y servicios proporcionados (publicidad o venta) en estos sitios web. Las fotos de los productos son orientativas.<\/p>&#13;\n<p>Ley Aplicable<\/p>&#13;\n<p>Si elige acceder a nuestro sitio web desde otro pa\u00eds, usted es responsable de seguir las leyes de ese pa\u00eds. Los t\u00e9rminos anteriores constituyen el acuerdo completo con Tyrovolas, que tiene derecho a realizar cambios en el contenido del sitio web y los t\u00e9rminos anteriores sin previo aviso.<\/p>&#13;\n<p>Declaraci\u00f3n de confidencialidad<\/p>&#13;\n<p>Esta declaraci\u00f3n de privacidad se refiere al sitio web de Tyrovolas (www.tyrovolas.gr)<\/p>&#13;\n<p>Cuando env\u00eda una solicitud en l\u00ednea, la informaci\u00f3n que nos proporciona se utiliza para responder a su consulta en l\u00ednea. Tratamos las solicitudes que completa y el correo electr\u00f3nico que env\u00eda de forma confidencial. No cedemos su contenido salvo al destinatario directamente interesado y a la ley, si as\u00ed nos lo piden o en el caso de que consideremos que el contenido del mensaje nos ofende.<\/p>&#13;\n<p>Esta acci\u00f3n es necesaria para:<\/p>&#13;\n<p>a) proteger nuestros derechos y propiedades.<\/p>&#13;\n<p>b) protegernos contra el uso incorrecto o no autorizado del sitio web de Tyrovolas (www.tyrovolas.gr)<\/p>&#13;\n<p>c) proteger nuestra seguridad personal o la propiedad de nuestros usuarios y audiencia.<\/p>&#13;\n<p>Sin embargo, si nos proporciona una direcci\u00f3n de correo electr\u00f3nico falsa o intenta hacerse pasar por otra persona cuando env\u00eda informaci\u00f3n en l\u00ednea, toda la informaci\u00f3n, as\u00ed como la direcci\u00f3n IP, ser\u00e1 parte de cualquier investigaci\u00f3n.<\/p>&#13;","protected":false},"excerpt":{"rendered":"<p>&#13; Bienvenido a www.tyrovolas.gr. Al utilizar nuestro sitio web, usted acepta los siguientes t\u00e9rminos, que debe leer atentamente. &#13; Cualquier software disponible para descargar desde este servidor es propiedad intelectual de tyrovolas.gr. El uso de dichos documentos de este servidor se limita \u00fanicamente a fines informativos y no comerciales o es \u00fanicamente personal y no [&hellip;]<\/p>\n","protected":false},"author":1,"featured_media":0,"parent":0,"menu_order":0,"comment_status":"closed","ping_status":"closed","template":"","meta":{"footnotes":""},"_links":{"self":[{"href":"https:\/\/tyrovolas.gr\/es\/wp-json\/wp\/v2\/pages\/8466"}],"collection":[{"href":"https:\/\/tyrovolas.gr\/es\/wp-json\/wp\/v2\/pages"}],"about":[{"href":"https:\/\/tyrovolas.gr\/es\/wp-json\/wp\/v2\/types\/page"}],"author":[{"embeddable":true,"href":"https:\/\/tyrovolas.gr\/es\/wp-json\/wp\/v2\/users\/1"}],"replies":[{"embeddable":true,"href":"https:\/\/tyrovolas.gr\/es\/wp-json\/wp\/v2\/comments?post=8466"}],"version-history":[{"count":3,"href":"https:\/\/tyrovolas.gr\/es\/wp-json\/wp\/v2\/pages\/8466\/revisions"}],"predecessor-version":[{"id":8469,"href":"https:\/\/tyrovolas.gr\/es\/wp-json\/wp\/v2\/pages\/8466\/revisions\/8469"}],"wp:attachment":[{"href":"https:\/\/tyrovolas.gr\/es\/wp-json\/wp\/v2\/media?parent=8466"}],"curies":[{"name":"wp","href":"https:\/\/api.w.org\/{rel}","templated":true}]}}