{"id":8464,"date":"2024-04-19T07:34:20","date_gmt":"2024-04-19T04:34:20","guid":{"rendered":"https:\/\/tyrovolas.gr\/sobre-nosotros\/"},"modified":"2024-11-27T13:59:57","modified_gmt":"2024-11-27T11:59:57","slug":"sobre-nosotros","status":"publish","type":"page","link":"https:\/\/tyrovolas.gr\/es\/sobre-nosotros\/","title":{"rendered":"Sobre nosotros"},"content":{"rendered":"<p>Sobre nosotros<\/p><p>Somos D.TYROVOLAS S.A. la empresa m\u00e1s antigua y de mayor trayectoria en el sector de la comercializaci\u00f3n de material el\u00e9ctrico, grupo matriz de 4 empresas, con 80 a\u00f1os de presencia continua. Hemos desarrollado una red de 8 tiendas y est\u00e1 en marcha un programa para crear otras nuevas.<\/p>","protected":false},"excerpt":{"rendered":"<p>Sobre nosotros Somos D.TYROVOLAS S.A. la empresa m\u00e1s antigua y de mayor trayectoria en el sector de la comercializaci\u00f3n de material el\u00e9ctrico, grupo matriz de 4 empresas, con 80 a\u00f1os de presencia continua. Hemos desarrollado una red de 8 tiendas y est\u00e1 en marcha un programa para crear otras nuevas.<\/p>\n","protected":false},"author":1,"featured_media":0,"parent":0,"menu_order":0,"comment_status":"closed","ping_status":"closed","template":"","meta":{"footnotes":""},"_links":{"self":[{"href":"https:\/\/tyrovolas.gr\/es\/wp-json\/wp\/v2\/pages\/8464"}],"collection":[{"href":"https:\/\/tyrovolas.gr\/es\/wp-json\/wp\/v2\/pages"}],"about":[{"href":"https:\/\/tyrovolas.gr\/es\/wp-json\/wp\/v2\/types\/page"}],"author":[{"embeddable":true,"href":"https:\/\/tyrovolas.gr\/es\/wp-json\/wp\/v2\/users\/1"}],"replies":[{"embeddable":true,"href":"https:\/\/tyrovolas.gr\/es\/wp-json\/wp\/v2\/comments?post=8464"}],"version-history":[{"count":1,"href":"https:\/\/tyrovolas.gr\/es\/wp-json\/wp\/v2\/pages\/8464\/revisions"}],"predecessor-version":[{"id":8465,"href":"https:\/\/tyrovolas.gr\/es\/wp-json\/wp\/v2\/pages\/8464\/revisions\/8465"}],"wp:attachment":[{"href":"https:\/\/tyrovolas.gr\/es\/wp-json\/wp\/v2\/media?parent=8464"}],"curies":[{"name":"wp","href":"https:\/\/api.w.org\/{rel}","templated":true}]}}